{"id":1867,"date":"2020-07-24T18:14:31","date_gmt":"2020-07-24T18:14:31","guid":{"rendered":"https:\/\/udempharma.com\/?page_id=9"},"modified":"2021-11-16T15:23:24","modified_gmt":"2021-11-16T14:23:24","slug":"chi-siamo","status":"publish","type":"page","link":"https:\/\/udempharma.com\/it\/chi-siamo\/","title":{"rendered":"Chi Siamo"},"content":{"rendered":"<p><div class=\"fusion-fullwidth fullwidth-box fusion-builder-row-1 fusion-flex-container nonhundred-percent-fullwidth non-hundred-percent-height-scrolling\" style=\"background-color: rgba(255,255,255,0);background-image:linear-gradient(180deg, #fff9f3 0%,rgba(255,249,243,0) 100%);background-position: center center;background-repeat: no-repeat;border-width: 0px 0px 0px 0px;border-color:#e2e2e2;border-style:solid;\" ><div class=\"fusion-builder-row fusion-row fusion-flex-align-items-stretch\" style=\"max-width:1443.75px;margin-left: calc(-5% \/ 2 );margin-right: calc(-5% \/ 2 );\"><div class=\"fusion-layout-column fusion_builder_column fusion-builder-column-0 fusion-flex-column fusion-flex-align-self-center fusion-animated\" data-animationType=\"fadeInUp\" data-animationDuration=\"1.0\" data-animationOffset=\"100%\"><div class=\"fusion-column-wrapper fusion-flex-justify-content-flex-start fusion-content-layout-row\" style=\"background-position:left top;background-repeat:no-repeat;-webkit-background-size:cover;-moz-background-size:cover;-o-background-size:cover;background-size:cover;padding: 0px 0px 0px 0px;\"><div ><span class=\" fusion-imageframe imageframe-none imageframe-1 hover-type-none fusion-no-medium-visibility fusion-no-large-visibility\" style=\"border-radius:6px 6px 35px 6px;margin-bottom:40px;\"><img src=\"https:\/\/udempharma.com\/wp-content\/uploads\/2020\/07\/info-13@2x.jpg\" class=\"img-responsive\"\/><\/span><\/div><style type=\"text\/css\">@media only screen and (max-width:1024px) {.fusion-title.fusion-title-1{margin-top:10px!important;margin-bottom:0px!important;}}@media only screen and (max-width:740px) {.fusion-title.fusion-title-1{margin-top:10px!important;margin-bottom:40px!important;}}<\/style><div class=\"fusion-title title fusion-title-1 fusion-sep-none fusion-title-text fusion-title-size-two\" style=\"margin-top:10px;margin-bottom:0px;\"><div class=\"title-heading-left title-heading-tag\" style=\"margin:0;line-height:1.35em;\"><h2>Le tue idee, la nostra professionalit\u00e0<\/h2>\n<p>Esperienza ed innovazione, grazie alle collaborazioni con i migliori fornitori ed esperti del settore, produciamo integratori alimentari conto terzi della massima qualit\u00e0 e purezza. Qualit\u00e0, seriet\u00e0 e visione ci consentono di sviluppare, per i nostri clienti, prodotti di sicura efficacia e successo. Materie prime brevettate, biologiche e provenienti esclusivamente da filiera farmaceutica. Elasticit\u00e0, puntualit\u00e0 nelle consegne e supporto durante tutta la filiera produttiva, contraddistinguono il servizio B2B dedicato ad aziende e professionisti.<\/p>\n<p>\u00a0<\/p>\n<ul>\n<li>Materie prime con standard farmaceutici;<\/li>\n<li>Solo filiera garantita Italiana ed Europea avente provenienza certificata.<\/li>\n<\/ul><\/div><\/div><div class=\"fusion-separator fusion-full-width-sep\" style=\"align-self: center;margin-left: auto;margin-right: auto;margin-bottom:20px;width:100%;\"><\/div><\/div><\/div><style type=\"text\/css\">.fusion-body .fusion-builder-column-0{width:40% !important;margin-top : 0px;margin-bottom : 0px;}.fusion-builder-column-0 > .fusion-column-wrapper {padding-top : 0px !important;padding-right : 0px !important;margin-right : 30px;padding-bottom : 0px !important;padding-left : 0px !important;margin-left : 5.9375%;}@media only screen and (max-width:1024px) {.fusion-body .fusion-builder-column-0{width:40% !important;order : 0;}.fusion-builder-column-0 > .fusion-column-wrapper {padding-top : 60px !important;margin-right : 30px;padding-bottom : 0px !important;margin-left : 5.9375%;}}@media only screen and (max-width:740px) {.fusion-body .fusion-builder-column-0{width:100% !important;order : 1;margin-bottom : 0px;}.fusion-builder-column-0 > .fusion-column-wrapper {padding-top : 0px !important;margin-right : 2.375%;padding-bottom : 0px !important;margin-left : 2.375%;}}<\/style><div class=\"fusion-layout-column fusion_builder_column fusion-builder-column-1 fusion-flex-column fusion-no-small-visibility\"><div class=\"fusion-column-wrapper fusion-flex-justify-content-flex-start fusion-content-layout-column\" style=\"background-position:left top;background-repeat:no-repeat;-webkit-background-size:cover;-moz-background-size:cover;-o-background-size:cover;background-size:cover;padding: 0px 0px 0px 0px;\"><div ><span class=\" fusion-imageframe imageframe-none imageframe-2 hover-type-none fusion-animated\" data-animationType=\"zoomIn\" data-animationDuration=\"1.2\" data-animationOffset=\"100%\"><img width=\"310\" height=\"310\" alt=\"CERTIFIED NUTRITIONIST\" title=\"Badge\" src=\"https:\/\/udempharma.com\/wp-content\/uploads\/2020\/07\/CERTIFIED-NUTRITIONIST.png\" class=\"img-responsive wp-image-106\" srcset=\"https:\/\/udempharma.com\/wp-content\/uploads\/2020\/07\/CERTIFIED-NUTRITIONIST-200x200.png 200w, https:\/\/udempharma.com\/wp-content\/uploads\/2020\/07\/CERTIFIED-NUTRITIONIST.png 310w\" sizes=\"(max-width: 1024px) 100vw, (max-width: 740px) 100vw, 310px\" \/><\/span><\/div><\/div><\/div><style type=\"text\/css\">.fusion-body .fusion-builder-column-1{width:10% !important;margin-top : 110px;margin-bottom : 20px;}.fusion-builder-column-1 > .fusion-column-wrapper {padding-top : 0px !important;padding-right : 0px !important;margin-right : -100px;padding-bottom : 0px !important;padding-left : 0px !important;margin-left : 50px;}@media only screen and (max-width:1024px) {.fusion-body .fusion-builder-column-1{width:10% !important;order : 0;}.fusion-builder-column-1 > .fusion-column-wrapper {margin-right : -100px;margin-left : 50px;}}@media only screen and (max-width:740px) {.fusion-body .fusion-builder-column-1{width:100% !important;order : 2;}.fusion-builder-column-1 > .fusion-column-wrapper {margin-right : 2.375%;margin-left : 2.375%;}}<\/style><div class=\"fusion-layout-column fusion_builder_column fusion-builder-column-2 fusion-flex-column\"><div class=\"fusion-column-wrapper fusion-column-has-shadow fusion-flex-justify-content-flex-end fusion-content-layout-column\" style=\"background-image: url(&#039;https:\/\/udempharma.com\/wp-content\/uploads\/2021\/05\/macchina-confezionatrice-integratori-alimentari.jpeg&#039;);background-position:center center;background-repeat:no-repeat;-webkit-background-size:cover;-moz-background-size:cover;-o-background-size:cover;background-size:cover;border-radius:6px 6px 6px 80px;border-radius:6px 6px 6px 80px;overflow:hidden;box-shadow:0px 20px 80px 0px rgba(155,78,0,0.13);;padding: 0px 0px 0px 0px;\" data-bg-url=\"https:\/\/udempharma.com\/wp-content\/uploads\/2021\/05\/macchina-confezionatrice-integratori-alimentari.jpeg\"><\/div><\/div><style type=\"text\/css\">.fusion-body .fusion-builder-column-2{width:50% !important;margin-top : 0px;margin-bottom : 0px;}.fusion-builder-column-2 > .fusion-column-wrapper {padding-top : 0px !important;padding-right : 0px !important;margin-right : 4.75%;padding-bottom : 0px !important;padding-left : 0px !important;margin-left : -20px;}@media only screen and (max-width:1024px) {.fusion-body .fusion-builder-column-2{width:50% !important;order : 0;}.fusion-builder-column-2 > .fusion-column-wrapper {margin-right : 4.75%;margin-left : -20px;}}@media only screen and (max-width:740px) {.fusion-body .fusion-builder-column-2{width:100% !important;order : 0;}.fusion-builder-column-2 > .fusion-column-wrapper {margin-right : 2.375%;margin-left : 2.375%;}}<\/style><\/div><style type=\"text\/css\">.fusion-body .fusion-flex-container.fusion-builder-row-1{ padding-top : 11vh;margin-top : 0px;padding-right : 0px;padding-bottom : 0px;margin-bottom : 0px;padding-left : 0px;}@media only screen and (max-width:1024px) {.fusion-body .fusion-flex-container.fusion-builder-row-1{ padding-top : 5vh;padding-bottom : 5vh;}}@media only screen and (max-width:740px) {.fusion-body .fusion-flex-container.fusion-builder-row-1{ padding-top : 54px;margin-bottom : 0;}}<\/style><\/div><div class=\"fusion-fullwidth fullwidth-box fusion-builder-row-2 fusion-flex-container nonhundred-percent-fullwidth non-hundred-percent-height-scrolling\" style=\"background-color: rgba(255,255,255,0);background-position: center center;background-repeat: no-repeat;border-width: 0px 0px 0px 0px;border-color:#e2e2e2;border-style:solid;\" ><div class=\"fusion-builder-row fusion-row fusion-flex-align-items-stretch fusion-flex-justify-content-center\" style=\"max-width:1443.75px;margin-left: calc(-5% \/ 2 );margin-right: calc(-5% \/ 2 );\"><div class=\"fusion-layout-column fusion_builder_column fusion-builder-column-3 fusion_builder_column_1_5 1_5 fusion-flex-column fusion-no-small-visibility fusion-no-medium-visibility\"><div class=\"fusion-column-wrapper fusion-flex-justify-content-flex-start fusion-content-layout-column\" style=\"background-position:left top;background-repeat:no-repeat;-webkit-background-size:cover;-moz-background-size:cover;-o-background-size:cover;background-size:cover;padding: 0px 0px 0px 0px;\"><\/div><\/div><style type=\"text\/css\">.fusion-body .fusion-builder-column-3{width:20% !important;margin-top : 0px;margin-bottom : 20px;}.fusion-builder-column-3 > .fusion-column-wrapper {padding-top : 0px !important;padding-right : 0px !important;margin-right : 11.875%;padding-bottom : 0px !important;padding-left : 0px !important;margin-left : 11.875%;}@media only screen and (max-width:1024px) {.fusion-body .fusion-builder-column-3{width:100% !important;order : 0;}.fusion-builder-column-3 > .fusion-column-wrapper {margin-right : 2.375%;margin-left : 2.375%;}}@media only screen and (max-width:740px) {.fusion-body .fusion-builder-column-3{width:100% !important;order : 0;}.fusion-builder-column-3 > .fusion-column-wrapper {margin-right : 2.375%;margin-left : 2.375%;}}<\/style><div class=\"fusion-layout-column fusion_builder_column fusion-builder-column-4 fusion_builder_column_3_5 3_5 fusion-flex-column\"><div class=\"fusion-column-wrapper fusion-flex-justify-content-flex-start fusion-content-layout-column\" style=\"background-position:left top;background-repeat:no-repeat;-webkit-background-size:cover;-moz-background-size:cover;-o-background-size:cover;background-size:cover;padding: 0px 0px 0px 0px;\"><style type=\"text\/css\">@media only screen and (max-width:1024px) {.fusion-title.fusion-title-2{margin-top:10px!important;margin-bottom:25px!important;}}@media only screen and (max-width:740px) {.fusion-title.fusion-title-2{margin-top:10px!important;margin-bottom:10px!important;}}<\/style><div class=\"fusion-title title fusion-title-2 fusion-sep-none fusion-title-center fusion-title-text fusion-title-size-two\" style=\"font-size:40px;margin-top:10px;margin-bottom:25px;\"><h2 class=\"title-heading-center\" style=\"margin:0;font-size:1em;\">Le Nostre Certificazioni<\/h2><\/div><\/div><\/div><style type=\"text\/css\">.fusion-body .fusion-builder-column-4{width:60% !important;margin-top : 0px;margin-bottom : 70px;}.fusion-builder-column-4 > .fusion-column-wrapper {padding-top : 0px !important;padding-right : 0px !important;margin-right : 3.9583333333333%;padding-bottom : 0px !important;padding-left : 0px !important;margin-left : 3.9583333333333%;}@media only screen and (max-width:1024px) {.fusion-body .fusion-builder-column-4{width:100% !important;order : 0;}.fusion-builder-column-4 > .fusion-column-wrapper {margin-right : 2.375%;margin-left : 2.375%;}}@media only screen and (max-width:740px) {.fusion-body .fusion-builder-column-4{width:100% !important;order : 0;}.fusion-builder-column-4 > .fusion-column-wrapper {margin-right : 2.375%;margin-left : 2.375%;}}<\/style><div class=\"fusion-layout-column fusion_builder_column fusion-builder-column-5 fusion_builder_column_1_5 1_5 fusion-flex-column fusion-no-small-visibility fusion-no-medium-visibility\"><div class=\"fusion-column-wrapper fusion-flex-justify-content-flex-start fusion-content-layout-column\" style=\"background-position:left top;background-repeat:no-repeat;-webkit-background-size:cover;-moz-background-size:cover;-o-background-size:cover;background-size:cover;padding: 0px 0px 0px 0px;\"><\/div><\/div><style type=\"text\/css\">.fusion-body .fusion-builder-column-5{width:20% !important;margin-top : 0px;margin-bottom : 20px;}.fusion-builder-column-5 > .fusion-column-wrapper {padding-top : 0px !important;padding-right : 0px !important;margin-right : 11.875%;padding-bottom : 0px !important;padding-left : 0px !important;margin-left : 11.875%;}@media only screen and (max-width:1024px) {.fusion-body .fusion-builder-column-5{width:100% !important;order : 0;}.fusion-builder-column-5 > .fusion-column-wrapper {margin-right : 2.375%;margin-left : 2.375%;}}@media only screen and (max-width:740px) {.fusion-body .fusion-builder-column-5{width:100% !important;order : 0;}.fusion-builder-column-5 > .fusion-column-wrapper {margin-right : 2.375%;margin-left : 2.375%;}}<\/style><div class=\"fusion-layout-column fusion_builder_column fusion-builder-column-6 fusion_builder_column_1_3 1_3 fusion-flex-column fusion-flex-align-self-center\"><div class=\"fusion-column-wrapper fusion-flex-justify-content-center fusion-content-layout-row\" style=\"background-position:left top;background-repeat:no-repeat;-webkit-background-size:cover;-moz-background-size:cover;-o-background-size:cover;background-size:cover;padding: 0px 0px 0px 0px;\"><div ><span class=\" fusion-imageframe imageframe-none imageframe-3 hover-type-none\"><img width=\"400\" height=\"327\" title=\"Regione\" src=\"https:\/\/udempharma.com\/wp-content\/uploads\/2021\/02\/Regione-e1613042476899-400x327.png\" class=\"img-responsive wp-image-1924\" srcset=\"https:\/\/udempharma.com\/wp-content\/uploads\/2021\/02\/Regione-e1613042476899-200x164.png 200w, https:\/\/udempharma.com\/wp-content\/uploads\/2021\/02\/Regione-e1613042476899-400x327.png 400w, https:\/\/udempharma.com\/wp-content\/uploads\/2021\/02\/Regione-e1613042476899-600x491.png 600w, https:\/\/udempharma.com\/wp-content\/uploads\/2021\/02\/Regione-e1613042476899-800x654.png 800w, https:\/\/udempharma.com\/wp-content\/uploads\/2021\/02\/Regione-e1613042476899-1200x982.png 1200w, https:\/\/udempharma.com\/wp-content\/uploads\/2021\/02\/Regione-e1613042476899.png 1920w\" sizes=\"(max-width: 1024px) 100vw, (max-width: 740px) 100vw, 400px\" \/><\/span><\/div><\/div><\/div><style type=\"text\/css\">.fusion-body .fusion-builder-column-6{width:33.333333333333% !important;margin-top : 0px;margin-bottom : 20px;}.fusion-builder-column-6 > .fusion-column-wrapper {padding-top : 0px !important;padding-right : 0px !important;margin-right : 7.125%;padding-bottom : 0px !important;padding-left : 0px !important;margin-left : 7.125%;}@media only screen and (max-width:1024px) {.fusion-body .fusion-builder-column-6{width:100% !important;order : 0;}.fusion-builder-column-6 > .fusion-column-wrapper {margin-right : 2.375%;margin-left : 2.375%;}}@media only screen and (max-width:740px) {.fusion-body .fusion-builder-column-6{width:100% !important;order : 0;}.fusion-builder-column-6 > .fusion-column-wrapper {margin-right : 2.375%;margin-left : 2.375%;}}<\/style><\/div><style type=\"text\/css\">.fusion-body .fusion-flex-container.fusion-builder-row-2{ padding-top : 150px;margin-top : 0px;padding-right : 0px;padding-bottom : 150px;margin-bottom : 0px;padding-left : 0px;}@media only screen and (max-width:1024px) {.fusion-body .fusion-flex-container.fusion-builder-row-2{ padding-top : 35px;padding-bottom : 60px;}}@media only screen and (max-width:740px) {.fusion-body .fusion-flex-container.fusion-builder-row-2{ padding-top : 0px;padding-bottom : 60px;}}<\/style><\/div><\/p>\n","protected":false},"excerpt":{"rendered":"","protected":false},"author":1,"featured_media":0,"parent":0,"menu_order":0,"comment_status":"closed","ping_status":"closed","template":"100-width.php","meta":{"_links_to":"","_links_to_target":""},"yoast_head":"<!-- This site is optimized with the Yoast SEO plugin v18.3 - https:\/\/yoast.com\/wordpress\/plugins\/seo\/ -->\n<title>Chi Siamo - UDEM Pharma<\/title>\n<meta name=\"description\" content=\"Udem Pharma \u00e8 un&#039;azienda giovane e dinamica del centro Italia, autorizzata alla produzione dal Ministero della Salute e avente certificazione HACCP e GMP.\" \/>\n<meta name=\"robots\" content=\"index, follow, max-snippet:-1, max-image-preview:large, max-video-preview:-1\" \/>\n<link rel=\"canonical\" href=\"https:\/\/udempharma.com\/it\/chi-siamo\/\" \/>\n<meta property=\"og:locale\" content=\"it_IT\" \/>\n<meta property=\"og:type\" content=\"article\" \/>\n<meta property=\"og:title\" content=\"Chi Siamo - UDEM Pharma\" \/>\n<meta property=\"og:description\" content=\"Udem Pharma \u00e8 un&#039;azienda giovane e dinamica del centro Italia, autorizzata alla produzione dal Ministero della Salute e avente certificazione HACCP e GMP.\" \/>\n<meta property=\"og:url\" content=\"https:\/\/udempharma.com\/it\/chi-siamo\/\" \/>\n<meta property=\"og:site_name\" content=\"UDEM Pharma\" \/>\n<meta property=\"article:modified_time\" content=\"2021-11-16T14:23:24+00:00\" \/>\n<meta name=\"twitter:card\" content=\"summary_large_image\" \/>\n<meta name=\"twitter:label1\" content=\"Tempo di lettura stimato\" \/>\n\t<meta name=\"twitter:data1\" content=\"13 minuti\" \/>\n<script type=\"application\/ld+json\" class=\"yoast-schema-graph\">{\"@context\":\"https:\/\/schema.org\",\"@graph\":[{\"@type\":\"WebSite\",\"@id\":\"https:\/\/udempharma.com\/it\/#website\",\"url\":\"https:\/\/udempharma.com\/it\/\",\"name\":\"UDEM Pharma\",\"description\":\"Vendita B2B di integratori alimentari\",\"potentialAction\":[{\"@type\":\"SearchAction\",\"target\":{\"@type\":\"EntryPoint\",\"urlTemplate\":\"https:\/\/udempharma.com\/it\/?s={search_term_string}\"},\"query-input\":\"required name=search_term_string\"}],\"inLanguage\":\"it-IT\"},{\"@type\":\"WebPage\",\"@id\":\"https:\/\/udempharma.com\/it\/chi-siamo\/#webpage\",\"url\":\"https:\/\/udempharma.com\/it\/chi-siamo\/\",\"name\":\"Chi Siamo - UDEM Pharma\",\"isPartOf\":{\"@id\":\"https:\/\/udempharma.com\/it\/#website\"},\"datePublished\":\"2020-07-24T18:14:31+00:00\",\"dateModified\":\"2021-11-16T14:23:24+00:00\",\"description\":\"Udem Pharma \u00e8 un'azienda giovane e dinamica del centro Italia, autorizzata alla produzione dal Ministero della Salute e avente certificazione HACCP e GMP.\",\"breadcrumb\":{\"@id\":\"https:\/\/udempharma.com\/it\/chi-siamo\/#breadcrumb\"},\"inLanguage\":\"it-IT\",\"potentialAction\":[{\"@type\":\"ReadAction\",\"target\":[\"https:\/\/udempharma.com\/it\/chi-siamo\/\"]}]},{\"@type\":\"BreadcrumbList\",\"@id\":\"https:\/\/udempharma.com\/it\/chi-siamo\/#breadcrumb\",\"itemListElement\":[{\"@type\":\"ListItem\",\"position\":1,\"name\":\"Home\",\"item\":\"https:\/\/udempharma.com\/it\/\"},{\"@type\":\"ListItem\",\"position\":2,\"name\":\"Chi Siamo\"}]}]}<\/script>\n<!-- \/ Yoast SEO plugin. -->","yoast_head_json":{"title":"Chi Siamo - UDEM Pharma","description":"Udem Pharma \u00e8 un'azienda giovane e dinamica del centro Italia, autorizzata alla produzione dal Ministero della Salute e avente certificazione HACCP e GMP.","robots":{"index":"index","follow":"follow","max-snippet":"max-snippet:-1","max-image-preview":"max-image-preview:large","max-video-preview":"max-video-preview:-1"},"canonical":"https:\/\/udempharma.com\/it\/chi-siamo\/","og_locale":"it_IT","og_type":"article","og_title":"Chi Siamo - UDEM Pharma","og_description":"Udem Pharma \u00e8 un'azienda giovane e dinamica del centro Italia, autorizzata alla produzione dal Ministero della Salute e avente certificazione HACCP e GMP.","og_url":"https:\/\/udempharma.com\/it\/chi-siamo\/","og_site_name":"UDEM Pharma","article_modified_time":"2021-11-16T14:23:24+00:00","twitter_card":"summary_large_image","twitter_misc":{"Tempo di lettura stimato":"13 minuti"},"schema":{"@context":"https:\/\/schema.org","@graph":[{"@type":"WebSite","@id":"https:\/\/udempharma.com\/it\/#website","url":"https:\/\/udempharma.com\/it\/","name":"UDEM Pharma","description":"Vendita B2B di integratori alimentari","potentialAction":[{"@type":"SearchAction","target":{"@type":"EntryPoint","urlTemplate":"https:\/\/udempharma.com\/it\/?s={search_term_string}"},"query-input":"required name=search_term_string"}],"inLanguage":"it-IT"},{"@type":"WebPage","@id":"https:\/\/udempharma.com\/it\/chi-siamo\/#webpage","url":"https:\/\/udempharma.com\/it\/chi-siamo\/","name":"Chi Siamo - UDEM Pharma","isPartOf":{"@id":"https:\/\/udempharma.com\/it\/#website"},"datePublished":"2020-07-24T18:14:31+00:00","dateModified":"2021-11-16T14:23:24+00:00","description":"Udem Pharma \u00e8 un'azienda giovane e dinamica del centro Italia, autorizzata alla produzione dal Ministero della Salute e avente certificazione HACCP e GMP.","breadcrumb":{"@id":"https:\/\/udempharma.com\/it\/chi-siamo\/#breadcrumb"},"inLanguage":"it-IT","potentialAction":[{"@type":"ReadAction","target":["https:\/\/udempharma.com\/it\/chi-siamo\/"]}]},{"@type":"BreadcrumbList","@id":"https:\/\/udempharma.com\/it\/chi-siamo\/#breadcrumb","itemListElement":[{"@type":"ListItem","position":1,"name":"Home","item":"https:\/\/udempharma.com\/it\/"},{"@type":"ListItem","position":2,"name":"Chi Siamo"}]}]}},"acf":[],"_links":{"self":[{"href":"https:\/\/udempharma.com\/it\/wp-json\/wp\/v2\/pages\/1867"}],"collection":[{"href":"https:\/\/udempharma.com\/it\/wp-json\/wp\/v2\/pages"}],"about":[{"href":"https:\/\/udempharma.com\/it\/wp-json\/wp\/v2\/types\/page"}],"author":[{"embeddable":true,"href":"https:\/\/udempharma.com\/it\/wp-json\/wp\/v2\/users\/1"}],"replies":[{"embeddable":true,"href":"https:\/\/udempharma.com\/it\/wp-json\/wp\/v2\/comments?post=1867"}],"version-history":[{"count":11,"href":"https:\/\/udempharma.com\/it\/wp-json\/wp\/v2\/pages\/1867\/revisions"}],"predecessor-version":[{"id":2982,"href":"https:\/\/udempharma.com\/it\/wp-json\/wp\/v2\/pages\/1867\/revisions\/2982"}],"wp:attachment":[{"href":"https:\/\/udempharma.com\/it\/wp-json\/wp\/v2\/media?parent=1867"}],"curies":[{"name":"wp","href":"https:\/\/api.w.org\/{rel}","templated":true}]}}