{"id":2646,"date":"2021-03-22T17:36:51","date_gmt":"2021-03-22T16:36:51","guid":{"rendered":"https:\/\/udempharma.com\/?page_id=2646"},"modified":"2021-06-01T14:04:24","modified_gmt":"2021-06-01T12:04:24","slug":"produzione-integratori-sportivi-conto-terzi","status":"publish","type":"page","link":"https:\/\/udempharma.com\/it\/produzione-integratori-sportivi-conto-terzi\/","title":{"rendered":"Produzione Integratori Sportivi Conto Terzi"},"content":{"rendered":"<p><div class=\"fusion-fullwidth fullwidth-box fusion-builder-row-1 fusion-flex-container nonhundred-percent-fullwidth non-hundred-percent-height-scrolling\" style=\"background-color: rgba(255,255,255,0);background-position: center center;background-repeat: no-repeat;border-width: 0px 0px 0px 0px;border-color:#e2e2e2;border-style:solid;\" ><div class=\"fusion-builder-row fusion-row fusion-flex-align-items-flex-start\" style=\"max-width:1443.75px;margin-left: calc(-5% \/ 2 );margin-right: calc(-5% \/ 2 );\"><div class=\"fusion-layout-column fusion_builder_column fusion-builder-column-0 fusion_builder_column_1_1 1_1 fusion-flex-column\"><div class=\"fusion-column-wrapper fusion-flex-justify-content-flex-start fusion-content-layout-column\" style=\"background-position:left top;background-repeat:no-repeat;-webkit-background-size:cover;-moz-background-size:cover;-o-background-size:cover;background-size:cover;padding: 0px 0px 0px 0px;\"><div style=\"text-align:center;\"><span class=\" fusion-imageframe imageframe-none imageframe-1 hover-type-none\" style=\"border-radius:10px;\"><img width=\"800\" height=\"400\" alt=\"Integratori Sportivi\" title=\"Integratori Alimentari Sport\" src=\"https:\/\/udempharma.com\/wp-content\/uploads\/2021\/03\/barattoli-shaker-proteine-e-compresse-aminoacidi.jpeg\" class=\"img-responsive wp-image-2620\" srcset=\"https:\/\/udempharma.com\/wp-content\/uploads\/2021\/03\/barattoli-shaker-proteine-e-compresse-aminoacidi-200x100.jpeg 200w, https:\/\/udempharma.com\/wp-content\/uploads\/2021\/03\/barattoli-shaker-proteine-e-compresse-aminoacidi-400x200.jpeg 400w, https:\/\/udempharma.com\/wp-content\/uploads\/2021\/03\/barattoli-shaker-proteine-e-compresse-aminoacidi-600x300.jpeg 600w, https:\/\/udempharma.com\/wp-content\/uploads\/2021\/03\/barattoli-shaker-proteine-e-compresse-aminoacidi.jpeg 800w\" sizes=\"(max-width: 1024px) 100vw, (max-width: 740px) 100vw, 800px\" \/><\/span><\/div><\/div><\/div><style type=\"text\/css\">.fusion-body .fusion-builder-column-0{width:100% !important;margin-top : 0px;margin-bottom : 20px;}.fusion-builder-column-0 > .fusion-column-wrapper {padding-top : 0px !important;padding-right : 0px !important;margin-right : 2.375%;padding-bottom : 0px !important;padding-left : 0px !important;margin-left : 2.375%;}@media only screen and (max-width:1024px) {.fusion-body .fusion-builder-column-0{width:100% !important;order : 0;}.fusion-builder-column-0 > .fusion-column-wrapper {margin-right : 2.375%;margin-left : 2.375%;}}@media only screen and (max-width:740px) {.fusion-body .fusion-builder-column-0{width:100% !important;order : 0;}.fusion-builder-column-0 > .fusion-column-wrapper {margin-right : 2.375%;margin-left : 2.375%;}}<\/style><\/div><style type=\"text\/css\">.fusion-body .fusion-flex-container.fusion-builder-row-1{ padding-top : 0px;margin-top : 0px;padding-right : 0px;padding-bottom : 0px;margin-bottom : 0px;padding-left : 0px;}<\/style><\/div><div class=\"fusion-fullwidth fullwidth-box fusion-builder-row-2 fusion-flex-container nonhundred-percent-fullwidth non-hundred-percent-height-scrolling\" style=\"background-color: rgba(255,255,255,0);background-position: center center;background-repeat: no-repeat;border-width: 0px 0px 0px 0px;border-color:#e2e2e2;border-style:solid;\" ><div class=\"fusion-builder-row fusion-row fusion-flex-align-items-flex-start\" style=\"max-width:calc( 1375px + 0px );margin-left: calc(-0px \/ 2 );margin-right: calc(-0px \/ 2 );\"><div class=\"fusion-layout-column fusion_builder_column fusion-builder-column-1 fusion_builder_column_1_1 1_1 fusion-flex-column\"><div class=\"fusion-column-wrapper fusion-flex-justify-content-flex-start fusion-content-layout-column\" style=\"background-position:left top;background-repeat:no-repeat;-webkit-background-size:cover;-moz-background-size:cover;-o-background-size:cover;background-size:cover;padding: 0px 0px 0px 0px;\"><div class=\"fusion-text fusion-text-1\" style=\"transform:translate3d(0,0,0);\"><p>Il mercato dell&#8217;integrazione alimentare per lo sport registra ogni anno continui aumenti di fatturato. Trattasi di supporti naturali in polvere, capsule o compresse, ideati per consentire il pieno sfruttamento delle capacit\u00e0 psicofisiche dell&#8217;individuo, in condizioni di intenso e pesante stress psicofisico. Produrre un integratore sportivo significa soddisfare le esigenze dell&#8217;atleta sotto 4 importanti aspetti:<\/p>\n<ul>\n<li>Forza e potenza.<\/li>\n<li>Recupero psicofisico.<\/li>\n<li>Aumento della resistenza.<\/li>\n<li>Sostegno alla crescita muscolare.<\/li>\n<\/ul>\n<p>Essi sono ideali per soddisfare le aumentate richieste di fabbisogno da parte dello sportivo e si dimostrano utili sia nelle attivit\u00e0 aerobiche che negli sforzi di potenza brevi ed intensi, quindi anaerobici.<\/p>\n<p>Secondo gli ultimi trend di mercato e le importanti innovazioni di questo settore,\u00a0 elenchiamo di seguito le formulazioni pi\u00f9 richieste e vendute:<\/p>\n<ul>\n<li><strong>Siero Proteine del latte<\/strong>, comunemente denominate Whey Protein e molto richieste dagli sportivi di tutte le discipline. Creare un integratore proteico di qualit\u00e0 significa dare risalto a tutta la linea di prodotti proposta! Trattasi di miscele in polvere instantaneamente solubile, solitamente aromatizzate e processate tramite ultra e mcirofiltrazione a basse temperature, processo con il quale riusciamo a mantenere intatte le propriet\u00e0 natie del latte, senza alterarne valore biologico e struttura aminocidica, quest&#8217;ultima essenziale per nutrire e costruire il tessuto muscolare. Se cerchi un <strong>produttore di proteine conto terzi affidabile e che possa proporti solo il meglio che c&#8217;\u00e8 sul mercato,<\/strong> <a href=\"https:\/\/udempharma.com\/it\/contatti\/\">contattaci subito<\/a> Disponiamo di<strong> materie prime provenienti dai migliori produttori di prodotti caseari:<\/strong> siero di latte concentrato ultrafiltrato a freddo e delattosato, Isolato nativo senza zuccheri e grassi, caseine micellari a lento rilascio, blend proteici a base di albume d&#8217;uovo e latte oppure siero proteine idrolizzate (WPH).<\/li>\n<li><strong>Aminoacidi ramificati in polvere<\/strong>, capsule e compresse nei loro dosaggi pi\u00f9 richiesti dal consumatore: 2:1:1; 4:1:1, 6:1:1, 8:1:1 etc..<\/li>\n<li><strong>Pre e Post Workout,<\/strong> prodotti contenenti ingredienti prettamente ergogenici, ossia in grado di massimizzare aspetti quali forza, resistenza e recupero. Anche in questo caso gli ingredienti da noi utilizzati provengono tutti da<strong> filiera farmaceutica<\/strong>. Principi attivi esclusivi e brevettati in grado di ottimizzare l&#8217;assorbimento dell&#8217;integratore alimentare;<\/li>\n<li><strong>Vasodilatatori,<\/strong> comunemente denominati integratori per il &#8220;pump&#8221; o pompaggio, in virt\u00f9 del loro effetto vaso-dilatante ottimo per aumentare l&#8217;ossigenazione ed il turgore muscolare. Parliamo sempre di aminoacidi ed in particolare di Arginina Akg, Citrullina, Beta Alanina ed altri..<\/li>\n<li><strong>Stimolanti naturali<\/strong>, tra cui rientrano anche i cosiddetti &#8220;testo-booster&#8221;, ottimizzanti dei normali livelli fisiologici di alcuni importanti ormoni come il testosterone ed il Gh.<\/li>\n<li><strong>Creatina<\/strong>, tripeptide ergogenico molto utilizzato nelle attivit\u00e0 di potenza, \u00e8 indicato per sostenere gli esercizi di &#8220;forza esplosiva&#8221; ed \u00e8 solitamente utilizzata anche al fine di promuovere la volumizzazione cellulare, a sua volta connessa con la crescita muscolare.<\/li>\n<\/ul>\n<p>Questi sono solo alcuni degli integratori sportivi pi\u00f9 rinomati. Se vuoi produrre il tuo o saperne di pi\u00f9 sulle<strong> oltre 50 formulazioni proposte in <a href=\"https:\/\/udempharma.com\/it\/servizi\/private-label\/\">private label<\/a> e pronte per la commercializzazione<\/strong>,<strong> <a href=\"https:\/\/udempharma.com\/it\/shop-b2b\/\">vai all&#8217;area B2B<\/a>.<\/strong><\/p>\n<\/div><\/div><\/div><style type=\"text\/css\">.fusion-body .fusion-builder-column-1{width:100% !important;margin-top : 0px;margin-bottom : 0px;}.fusion-builder-column-1 > .fusion-column-wrapper {padding-top : 0px !important;padding-right : 0px !important;margin-right : 0px;padding-bottom : 0px !important;padding-left : 0px !important;margin-left : 0px;}@media only screen and (max-width:1024px) {.fusion-body .fusion-builder-column-1{width:100% !important;}.fusion-builder-column-1 > .fusion-column-wrapper {margin-right : 0px;margin-left : 0px;}}@media only screen and (max-width:740px) {.fusion-body .fusion-builder-column-1{width:100% !important;}.fusion-builder-column-1 > .fusion-column-wrapper {margin-right : 0px;margin-left : 0px;}}<\/style><\/div><style type=\"text\/css\">.fusion-body .fusion-flex-container.fusion-builder-row-2{ padding-top : 0px;margin-top : 0px;padding-right : 0px;padding-bottom : 0px;margin-bottom : 0px;padding-left : 0px;}<\/style><\/div><\/p>\n","protected":false},"excerpt":{"rendered":"","protected":false},"author":2,"featured_media":0,"parent":0,"menu_order":0,"comment_status":"closed","ping_status":"closed","template":"","meta":{"_links_to":"","_links_to_target":""},"yoast_head":"<!-- This site is optimized with the Yoast SEO plugin v18.3 - https:\/\/yoast.com\/wordpress\/plugins\/seo\/ -->\n<title>Produzione Integratori Sportivi Conto Terzi - UDEM Pharma<\/title>\n<meta name=\"description\" content=\"Crea il tuo integratore sportivo personalizzato senza lotti minimi e in tempi rapidi; produciamo proteine in polvere, Bcaa, Creatina e tanto altro.\" \/>\n<meta name=\"robots\" content=\"index, follow, max-snippet:-1, max-image-preview:large, max-video-preview:-1\" \/>\n<link rel=\"canonical\" href=\"https:\/\/udempharma.com\/it\/produzione-integratori-sportivi-conto-terzi\/\" \/>\n<meta property=\"og:locale\" content=\"it_IT\" \/>\n<meta property=\"og:type\" content=\"article\" \/>\n<meta property=\"og:title\" content=\"Produzione Integratori Sportivi Conto Terzi - UDEM Pharma\" \/>\n<meta property=\"og:description\" content=\"Crea il tuo integratore sportivo personalizzato senza lotti minimi e in tempi rapidi; produciamo proteine in polvere, Bcaa, Creatina e tanto altro.\" \/>\n<meta property=\"og:url\" content=\"https:\/\/udempharma.com\/it\/produzione-integratori-sportivi-conto-terzi\/\" \/>\n<meta property=\"og:site_name\" content=\"UDEM Pharma\" \/>\n<meta property=\"article:modified_time\" content=\"2021-06-01T12:04:24+00:00\" \/>\n<meta name=\"twitter:card\" content=\"summary_large_image\" \/>\n<meta name=\"twitter:label1\" content=\"Tempo di lettura stimato\" \/>\n\t<meta name=\"twitter:data1\" content=\"3 minuti\" \/>\n<script type=\"application\/ld+json\" class=\"yoast-schema-graph\">{\"@context\":\"https:\/\/schema.org\",\"@graph\":[{\"@type\":\"WebSite\",\"@id\":\"https:\/\/udempharma.com\/it\/#website\",\"url\":\"https:\/\/udempharma.com\/it\/\",\"name\":\"UDEM Pharma\",\"description\":\"Vendita B2B di integratori alimentari\",\"potentialAction\":[{\"@type\":\"SearchAction\",\"target\":{\"@type\":\"EntryPoint\",\"urlTemplate\":\"https:\/\/udempharma.com\/it\/?s={search_term_string}\"},\"query-input\":\"required name=search_term_string\"}],\"inLanguage\":\"it-IT\"},{\"@type\":\"WebPage\",\"@id\":\"https:\/\/udempharma.com\/it\/produzione-integratori-sportivi-conto-terzi\/#webpage\",\"url\":\"https:\/\/udempharma.com\/it\/produzione-integratori-sportivi-conto-terzi\/\",\"name\":\"Produzione Integratori Sportivi Conto Terzi - UDEM Pharma\",\"isPartOf\":{\"@id\":\"https:\/\/udempharma.com\/it\/#website\"},\"datePublished\":\"2021-03-22T16:36:51+00:00\",\"dateModified\":\"2021-06-01T12:04:24+00:00\",\"description\":\"Crea il tuo integratore sportivo personalizzato senza lotti minimi e in tempi rapidi; produciamo proteine in polvere, Bcaa, Creatina e tanto altro.\",\"breadcrumb\":{\"@id\":\"https:\/\/udempharma.com\/it\/produzione-integratori-sportivi-conto-terzi\/#breadcrumb\"},\"inLanguage\":\"it-IT\",\"potentialAction\":[{\"@type\":\"ReadAction\",\"target\":[\"https:\/\/udempharma.com\/it\/produzione-integratori-sportivi-conto-terzi\/\"]}]},{\"@type\":\"BreadcrumbList\",\"@id\":\"https:\/\/udempharma.com\/it\/produzione-integratori-sportivi-conto-terzi\/#breadcrumb\",\"itemListElement\":[{\"@type\":\"ListItem\",\"position\":1,\"name\":\"Home\",\"item\":\"https:\/\/udempharma.com\/it\/\"},{\"@type\":\"ListItem\",\"position\":2,\"name\":\"Produzione Integratori Sportivi Conto Terzi\"}]}]}<\/script>\n<!-- \/ Yoast SEO plugin. -->","yoast_head_json":{"title":"Produzione Integratori Sportivi Conto Terzi - UDEM Pharma","description":"Crea il tuo integratore sportivo personalizzato senza lotti minimi e in tempi rapidi; produciamo proteine in polvere, Bcaa, Creatina e tanto altro.","robots":{"index":"index","follow":"follow","max-snippet":"max-snippet:-1","max-image-preview":"max-image-preview:large","max-video-preview":"max-video-preview:-1"},"canonical":"https:\/\/udempharma.com\/it\/produzione-integratori-sportivi-conto-terzi\/","og_locale":"it_IT","og_type":"article","og_title":"Produzione Integratori Sportivi Conto Terzi - UDEM Pharma","og_description":"Crea il tuo integratore sportivo personalizzato senza lotti minimi e in tempi rapidi; produciamo proteine in polvere, Bcaa, Creatina e tanto altro.","og_url":"https:\/\/udempharma.com\/it\/produzione-integratori-sportivi-conto-terzi\/","og_site_name":"UDEM Pharma","article_modified_time":"2021-06-01T12:04:24+00:00","twitter_card":"summary_large_image","twitter_misc":{"Tempo di lettura stimato":"3 minuti"},"schema":{"@context":"https:\/\/schema.org","@graph":[{"@type":"WebSite","@id":"https:\/\/udempharma.com\/it\/#website","url":"https:\/\/udempharma.com\/it\/","name":"UDEM Pharma","description":"Vendita B2B di integratori alimentari","potentialAction":[{"@type":"SearchAction","target":{"@type":"EntryPoint","urlTemplate":"https:\/\/udempharma.com\/it\/?s={search_term_string}"},"query-input":"required name=search_term_string"}],"inLanguage":"it-IT"},{"@type":"WebPage","@id":"https:\/\/udempharma.com\/it\/produzione-integratori-sportivi-conto-terzi\/#webpage","url":"https:\/\/udempharma.com\/it\/produzione-integratori-sportivi-conto-terzi\/","name":"Produzione Integratori Sportivi Conto Terzi - UDEM Pharma","isPartOf":{"@id":"https:\/\/udempharma.com\/it\/#website"},"datePublished":"2021-03-22T16:36:51+00:00","dateModified":"2021-06-01T12:04:24+00:00","description":"Crea il tuo integratore sportivo personalizzato senza lotti minimi e in tempi rapidi; produciamo proteine in polvere, Bcaa, Creatina e tanto altro.","breadcrumb":{"@id":"https:\/\/udempharma.com\/it\/produzione-integratori-sportivi-conto-terzi\/#breadcrumb"},"inLanguage":"it-IT","potentialAction":[{"@type":"ReadAction","target":["https:\/\/udempharma.com\/it\/produzione-integratori-sportivi-conto-terzi\/"]}]},{"@type":"BreadcrumbList","@id":"https:\/\/udempharma.com\/it\/produzione-integratori-sportivi-conto-terzi\/#breadcrumb","itemListElement":[{"@type":"ListItem","position":1,"name":"Home","item":"https:\/\/udempharma.com\/it\/"},{"@type":"ListItem","position":2,"name":"Produzione Integratori Sportivi Conto Terzi"}]}]}},"acf":[],"_links":{"self":[{"href":"https:\/\/udempharma.com\/it\/wp-json\/wp\/v2\/pages\/2646"}],"collection":[{"href":"https:\/\/udempharma.com\/it\/wp-json\/wp\/v2\/pages"}],"about":[{"href":"https:\/\/udempharma.com\/it\/wp-json\/wp\/v2\/types\/page"}],"author":[{"embeddable":true,"href":"https:\/\/udempharma.com\/it\/wp-json\/wp\/v2\/users\/2"}],"replies":[{"embeddable":true,"href":"https:\/\/udempharma.com\/it\/wp-json\/wp\/v2\/comments?post=2646"}],"version-history":[{"count":5,"href":"https:\/\/udempharma.com\/it\/wp-json\/wp\/v2\/pages\/2646\/revisions"}],"predecessor-version":[{"id":2855,"href":"https:\/\/udempharma.com\/it\/wp-json\/wp\/v2\/pages\/2646\/revisions\/2855"}],"wp:attachment":[{"href":"https:\/\/udempharma.com\/it\/wp-json\/wp\/v2\/media?parent=2646"}],"curies":[{"name":"wp","href":"https:\/\/api.w.org\/{rel}","templated":true}]}}