{"id":2868,"date":"2021-06-02T11:46:57","date_gmt":"2021-06-02T09:46:57","guid":{"rendered":"https:\/\/udempharma.com\/?page_id=2868"},"modified":"2021-06-02T11:46:57","modified_gmt":"2021-06-02T09:46:57","slug":"spedizioni","status":"publish","type":"page","link":"https:\/\/udempharma.com\/it\/spedizioni\/","title":{"rendered":"Spedizioni"},"content":{"rendered":"<h2>SPESE DI TRASPORTO PER L&#8217;ITALIA<\/h2>\n<p>Le spedizioni vengono consegnate in 24\/48 dalla ricezione del vostro ordine servendoci del corriere espresso GLS o Bartolini. Abbiamo migliorato il nostro servizio fornendo al Cliente finale il codice di tracciabilit\u00e0 e la conferma della spedizione via SMS al momento in cui affidiamo la spedizione al Corriere.<\/p>\n<p>La tracciabilit\u00e0 del pacco permette di conoscere l&#8217;esatta posizione della spedizione e il giorno di consegna previsto ( solitamente 24\/48 ore dall&#8217;ordinazione ).<\/p>\n<p><strong>TEMPI DI CONSEGNA<\/strong><\/p>\n<p>Gli ordini ricevuti entro le 13:00 vengono generalmente evasi il pomeriggio dello stesso giorno, quelli ricevuti dopo le 13:00 solitamente vengono evasi il giorno lavorativo seguente. Nel caso in cui si verifichi un problema con il Corriere durante il trasporto ed il pacco non venga consegnato nei limiti di tempo prestabiliti, vi preghiamo di segnalarcelo e sar\u00e0 nostra cura risolvere il problema nel pi\u00f9 breve tempo possibile.<\/p>\n<p><strong>ALTRE INFORMAZIONI UTILI<\/strong><\/p>\n<p>Il Corriere al momento della consegna chiede una Firma di avvenuta ricezione da parte del Destinatario, se la persona firmataria \u00e8 diversa dall&#8217;intestatario della spedizione annotato sulla lettera di vettura, quest&#8217;ultima rimane comunque responsabile per il pacco e tutti gli eventuali costi ad esso associati.<\/p>\n<p>Prima di FIRMARE la ricevuta del corriere vi preghiamo di controllare l&#8217;integrit\u00e0 del Pacco, se questa appare in qualsiasi modo danneggiata, vi consigliamo di scrive vicino alla vostra firma &#8220;pacco danneggiato&#8221; oppure &#8220;con riserva di controllo&#8221;. Se anche i Prodotti all&#8217;interno sono danneggiati vi invitiamo a contattarci quanto prima per risolvere il problema.<\/p>\n<p>Non possiamo accettare reclami se sulla Nota di Consegna non \u00e8 stata appuntata nessuna segnalazione sopra citate. Se il corriere non trova nessuno all&#8217;indirizzo di consegna lascer\u00e0 indicazioni per fare in modo di mettervi in contatto direttamente per stabilire la data di consegna. Qualora il pacco ci venisse restituito perch\u00e8 non ci fosse nessun contatto da parte vostra, vi verranno addebitati i relativi costi di spedizione.<\/p>\n<p><strong>SPESE DI TRASPORTO<\/strong><\/p>\n<p>Le Spedizione vengono eseguite mediante Corriere Espresso GLS o Bartolini con tempi di consegna di 24 ore nell&#8217;86% delle localit\u00e0 italiane, 48 ore previste per isole e calabria o localit\u00e0 disaggiate. Al momento della spedizione verr\u00e0 spedito tramite mail il traking del plico evaso.<\/p>\n<p>I costi di spedizione rispettano le seguenti tariffe per il corriere GLS:<\/p>\n<p>&#8211; ordini da 0 a 39,99 \u20ac = 4,00 \u20ac<\/p>\n<p>&#8211; ordini superiori ai 40,00 \u20ac = spedizione gratuita I costi di spedizione rispettano le seguenti tariffe per il corriere BARTOLINI:<\/p>\n<p>&#8211; ordini da 0 a 39,99 \u20ac = 5,50 \u20ac<\/p>\n<p>&#8211; ordini da 40,00 \u20ac a 99,99 \u20ac = 3,00\u20ac<\/p>\n<p>&#8211; ordini superiori ai 100,00 \u20ac = spedizione gratuita<\/p>\n<p>corrieri bartolini e gls utilizzati da<\/p>\n","protected":false},"excerpt":{"rendered":"<p>SPESE DI TRASPORTO PER L&#8217;ITALIA Le spedizioni vengono consegnate in [&hellip;]<\/p>\n","protected":false},"author":2,"featured_media":0,"parent":0,"menu_order":0,"comment_status":"closed","ping_status":"closed","template":"","meta":{"_links_to":"","_links_to_target":""},"yoast_head":"<!-- This site is optimized with the Yoast SEO plugin v18.3 - https:\/\/yoast.com\/wordpress\/plugins\/seo\/ -->\n<title>Spedizioni - UDEM Pharma<\/title>\n<meta name=\"robots\" content=\"index, follow, max-snippet:-1, max-image-preview:large, max-video-preview:-1\" \/>\n<link rel=\"canonical\" href=\"https:\/\/udempharma.com\/it\/spedizioni\/\" \/>\n<meta property=\"og:locale\" content=\"it_IT\" \/>\n<meta property=\"og:type\" content=\"article\" \/>\n<meta property=\"og:title\" content=\"Spedizioni - UDEM Pharma\" \/>\n<meta property=\"og:description\" content=\"SPESE DI TRASPORTO PER L&#8217;ITALIA Le spedizioni vengono consegnate in [&hellip;]\" \/>\n<meta property=\"og:url\" content=\"https:\/\/udempharma.com\/it\/spedizioni\/\" \/>\n<meta property=\"og:site_name\" content=\"UDEM Pharma\" \/>\n<meta name=\"twitter:card\" content=\"summary_large_image\" \/>\n<meta name=\"twitter:label1\" content=\"Tempo di lettura stimato\" \/>\n\t<meta name=\"twitter:data1\" content=\"2 minuti\" \/>\n<script type=\"application\/ld+json\" class=\"yoast-schema-graph\">{\"@context\":\"https:\/\/schema.org\",\"@graph\":[{\"@type\":\"WebSite\",\"@id\":\"https:\/\/udempharma.com\/it\/#website\",\"url\":\"https:\/\/udempharma.com\/it\/\",\"name\":\"UDEM Pharma\",\"description\":\"Vendita B2B di integratori alimentari\",\"potentialAction\":[{\"@type\":\"SearchAction\",\"target\":{\"@type\":\"EntryPoint\",\"urlTemplate\":\"https:\/\/udempharma.com\/it\/?s={search_term_string}\"},\"query-input\":\"required name=search_term_string\"}],\"inLanguage\":\"it-IT\"},{\"@type\":\"WebPage\",\"@id\":\"https:\/\/udempharma.com\/it\/spedizioni\/#webpage\",\"url\":\"https:\/\/udempharma.com\/it\/spedizioni\/\",\"name\":\"Spedizioni - UDEM Pharma\",\"isPartOf\":{\"@id\":\"https:\/\/udempharma.com\/it\/#website\"},\"datePublished\":\"2021-06-02T09:46:57+00:00\",\"dateModified\":\"2021-06-02T09:46:57+00:00\",\"breadcrumb\":{\"@id\":\"https:\/\/udempharma.com\/it\/spedizioni\/#breadcrumb\"},\"inLanguage\":\"it-IT\",\"potentialAction\":[{\"@type\":\"ReadAction\",\"target\":[\"https:\/\/udempharma.com\/it\/spedizioni\/\"]}]},{\"@type\":\"BreadcrumbList\",\"@id\":\"https:\/\/udempharma.com\/it\/spedizioni\/#breadcrumb\",\"itemListElement\":[{\"@type\":\"ListItem\",\"position\":1,\"name\":\"Home\",\"item\":\"https:\/\/udempharma.com\/it\/\"},{\"@type\":\"ListItem\",\"position\":2,\"name\":\"Spedizioni\"}]}]}<\/script>\n<!-- \/ Yoast SEO plugin. -->","yoast_head_json":{"title":"Spedizioni - UDEM Pharma","robots":{"index":"index","follow":"follow","max-snippet":"max-snippet:-1","max-image-preview":"max-image-preview:large","max-video-preview":"max-video-preview:-1"},"canonical":"https:\/\/udempharma.com\/it\/spedizioni\/","og_locale":"it_IT","og_type":"article","og_title":"Spedizioni - UDEM Pharma","og_description":"SPESE DI TRASPORTO PER L&#8217;ITALIA Le spedizioni vengono consegnate in [&hellip;]","og_url":"https:\/\/udempharma.com\/it\/spedizioni\/","og_site_name":"UDEM Pharma","twitter_card":"summary_large_image","twitter_misc":{"Tempo di lettura stimato":"2 minuti"},"schema":{"@context":"https:\/\/schema.org","@graph":[{"@type":"WebSite","@id":"https:\/\/udempharma.com\/it\/#website","url":"https:\/\/udempharma.com\/it\/","name":"UDEM Pharma","description":"Vendita B2B di integratori alimentari","potentialAction":[{"@type":"SearchAction","target":{"@type":"EntryPoint","urlTemplate":"https:\/\/udempharma.com\/it\/?s={search_term_string}"},"query-input":"required name=search_term_string"}],"inLanguage":"it-IT"},{"@type":"WebPage","@id":"https:\/\/udempharma.com\/it\/spedizioni\/#webpage","url":"https:\/\/udempharma.com\/it\/spedizioni\/","name":"Spedizioni - UDEM Pharma","isPartOf":{"@id":"https:\/\/udempharma.com\/it\/#website"},"datePublished":"2021-06-02T09:46:57+00:00","dateModified":"2021-06-02T09:46:57+00:00","breadcrumb":{"@id":"https:\/\/udempharma.com\/it\/spedizioni\/#breadcrumb"},"inLanguage":"it-IT","potentialAction":[{"@type":"ReadAction","target":["https:\/\/udempharma.com\/it\/spedizioni\/"]}]},{"@type":"BreadcrumbList","@id":"https:\/\/udempharma.com\/it\/spedizioni\/#breadcrumb","itemListElement":[{"@type":"ListItem","position":1,"name":"Home","item":"https:\/\/udempharma.com\/it\/"},{"@type":"ListItem","position":2,"name":"Spedizioni"}]}]}},"acf":[],"_links":{"self":[{"href":"https:\/\/udempharma.com\/it\/wp-json\/wp\/v2\/pages\/2868"}],"collection":[{"href":"https:\/\/udempharma.com\/it\/wp-json\/wp\/v2\/pages"}],"about":[{"href":"https:\/\/udempharma.com\/it\/wp-json\/wp\/v2\/types\/page"}],"author":[{"embeddable":true,"href":"https:\/\/udempharma.com\/it\/wp-json\/wp\/v2\/users\/2"}],"replies":[{"embeddable":true,"href":"https:\/\/udempharma.com\/it\/wp-json\/wp\/v2\/comments?post=2868"}],"version-history":[{"count":1,"href":"https:\/\/udempharma.com\/it\/wp-json\/wp\/v2\/pages\/2868\/revisions"}],"predecessor-version":[{"id":2869,"href":"https:\/\/udempharma.com\/it\/wp-json\/wp\/v2\/pages\/2868\/revisions\/2869"}],"wp:attachment":[{"href":"https:\/\/udempharma.com\/it\/wp-json\/wp\/v2\/media?parent=2868"}],"curies":[{"name":"wp","href":"https:\/\/api.w.org\/{rel}","templated":true}]}}